{"id":368,"date":"2022-04-14T13:07:51","date_gmt":"2022-04-14T11:07:51","guid":{"rendered":"https:\/\/dirkklingenberg.com\/?page_id=368"},"modified":"2024-01-13T14:11:54","modified_gmt":"2024-01-13T13:11:54","slug":"impressum","status":"publish","type":"page","link":"https:\/\/dirkklingenberg.com\/en\/impressum\/","title":{"rendered":"Impressum"},"content":{"rendered":"<div data-elementor-type=\"wp-page\" data-elementor-id=\"368\" class=\"elementor elementor-368\">\n\t\t\t\t\t\t\t\t\t<section class=\"elementor-section elementor-top-section elementor-element elementor-element-0214dcd elementor-section-boxed elementor-section-height-default elementor-section-height-default\" data-id=\"0214dcd\" data-element_type=\"section\" data-settings=\"{&quot;jet_parallax_layout_list&quot;:[],&quot;background_background&quot;:&quot;classic&quot;}\">\n\t\t\t\t\t\t<div class=\"elementor-container elementor-column-gap-default\">\n\t\t\t\t\t<div class=\"elementor-column elementor-col-100 elementor-top-column elementor-element elementor-element-671d593\" data-id=\"671d593\" data-element_type=\"column\">\n\t\t\t<div class=\"elementor-widget-wrap elementor-element-populated\">\n\t\t\t\t\t\t\t\t<div class=\"elementor-element elementor-element-33dc8aa elementor-widget elementor-widget-heading\" data-id=\"33dc8aa\" data-element_type=\"widget\" data-widget_type=\"heading.default\">\n\t\t\t\t<div class=\"elementor-widget-container\">\n\t\t\t<style>\/*! elementor - v3.15.0 - 20-08-2023 *\/\n.elementor-heading-title{padding:0;margin:0;line-height:1}.elementor-widget-heading .elementor-heading-title[class*=elementor-size-]>a{color:inherit;font-size:inherit;line-height:inherit}.elementor-widget-heading .elementor-heading-title.elementor-size-small{font-size:15px}.elementor-widget-heading .elementor-heading-title.elementor-size-medium{font-size:19px}.elementor-widget-heading .elementor-heading-title.elementor-size-large{font-size:29px}.elementor-widget-heading .elementor-heading-title.elementor-size-xl{font-size:39px}.elementor-widget-heading .elementor-heading-title.elementor-size-xxl{font-size:59px}<\/style><h1 class=\"elementor-heading-title elementor-size-default\">Impressum<\/h1>\t\t<\/div>\n\t\t\t\t<\/div>\n\t\t\t\t<div class=\"elementor-element elementor-element-23d300a elementor-widget elementor-widget-text-editor\" data-id=\"23d300a\" data-element_type=\"widget\" data-widget_type=\"text-editor.default\">\n\t\t\t\t<div class=\"elementor-widget-container\">\n\t\t\t<style>\/*! elementor - v3.15.0 - 20-08-2023 *\/\n.elementor-widget-text-editor.elementor-drop-cap-view-stacked .elementor-drop-cap{background-color:#69727d;color:#fff}.elementor-widget-text-editor.elementor-drop-cap-view-framed .elementor-drop-cap{color:#69727d;border:3px solid;background-color:transparent}.elementor-widget-text-editor:not(.elementor-drop-cap-view-default) .elementor-drop-cap{margin-top:8px}.elementor-widget-text-editor:not(.elementor-drop-cap-view-default) .elementor-drop-cap-letter{width:1em;height:1em}.elementor-widget-text-editor .elementor-drop-cap{float:left;text-align:center;line-height:1;font-size:50px}.elementor-widget-text-editor .elementor-drop-cap-letter{display:inline-block}<\/style>\t\t\t\t<p><strong>Dirk Klingenberg<\/strong><br \/>Henriettenstra\u00dfe 6<br \/>20259 Hamburg<br \/>Deutschland<\/p><p>Telefon: +49 171 5 61 59 44<\/p><p><a href=\"mailto:info@dirkklingenberg.com\">info@dirkklingenberg.com<\/a><br \/><a href=\"https:\/\/dirkklingenberg.com\/en\/\">www.dirkklingenberg.com<\/a><\/p>\t\t\t\t\t\t<\/div>\n\t\t\t\t<\/div>\n\t\t\t\t<div class=\"elementor-element elementor-element-7bf909a elementor-widget elementor-widget-heading\" data-id=\"7bf909a\" data-element_type=\"widget\" data-widget_type=\"heading.default\">\n\t\t\t\t<div class=\"elementor-widget-container\">\n\t\t\t<h2 class=\"elementor-heading-title elementor-size-default\">Haftung f\u00fcr Inhalte<\/h2>\t\t<\/div>\n\t\t\t\t<\/div>\n\t\t\t\t<div class=\"elementor-element elementor-element-d922f9b elementor-widget elementor-widget-text-editor\" data-id=\"d922f9b\" data-element_type=\"widget\" data-widget_type=\"text-editor.default\">\n\t\t\t\t<div class=\"elementor-widget-container\">\n\t\t\t\t\t\t\t<p>Als Diensteanbieter sind wir gem\u00e4\u00df \u00a7 7 Abs.1 TMG f\u00fcr eigene Inhalte auf diesen Seiten nach den allgemeinen Gesetzen verantwortlich. Nach \u00a7\u00a7 8 bis 10 TMG sind wir als Diensteanbieter jedoch nicht verpflichtet, \u00fcbermittelte oder gespeicherte fremde Informationen zu \u00fcberwachen oder nach Umst\u00e4nden zu forschen, die auf eine rechtswidrige T\u00e4tigkeit hinweisen.<\/p><p>Verpflichtungen zur Entfernung oder Sperrung der Nutzung von Informationen nach den allgemeinen Gesetzen bleiben hiervon unber\u00fchrt. Eine diesbez\u00fcgliche Haftung ist jedoch erst ab dem Zeitpunkt der Kenntnis einer konkreten Rechtsverletzung m\u00f6glich. Bei Bekanntwerden von entsprechenden Rechtsverletzungen werden wir diese Inhalte umgehend entfernen.<\/p>\t\t\t\t\t\t<\/div>\n\t\t\t\t<\/div>\n\t\t\t\t<div class=\"elementor-element elementor-element-4d75e32 elementor-widget elementor-widget-heading\" data-id=\"4d75e32\" data-element_type=\"widget\" data-widget_type=\"heading.default\">\n\t\t\t\t<div class=\"elementor-widget-container\">\n\t\t\t<h2 class=\"elementor-heading-title elementor-size-default\">Haftung f\u00fcr Links<\/h2>\t\t<\/div>\n\t\t\t\t<\/div>\n\t\t\t\t<div class=\"elementor-element elementor-element-9ca91de elementor-widget elementor-widget-text-editor\" data-id=\"9ca91de\" data-element_type=\"widget\" data-widget_type=\"text-editor.default\">\n\t\t\t\t<div class=\"elementor-widget-container\">\n\t\t\t\t\t\t\t<p>Unser Angebot enth\u00e4lt Links zu externen Websites Dritter, auf deren Inhalte wir keinen Einfluss haben. Deshalb k\u00f6nnen wir f\u00fcr diese fremden Inhalte auch keine Gew\u00e4hr \u00fcbernehmen. F\u00fcr die Inhalte der verlinkten Seiten ist stets der jeweilige Anbieter oder Betreiber der Seiten verantwortlich. Die verlinkten Seiten wurden zum Zeitpunkt der Verlinkung auf m\u00f6gliche Rechtsverst\u00f6\u00dfe \u00fcberpr\u00fcft. Rechtswidrige Inhalte waren zum Zeitpunkt der Verlinkung nicht erkennbar.<\/p><p>Eine permanente inhaltliche Kontrolle der verlinkten Seiten ist jedoch ohne konkrete Anhaltspunkte einer Rechtsverletzung nicht zumutbar. Bei Bekanntwerden von Rechtsverletzungen werden wir derartige Links umgehend entfernen.<\/p>\t\t\t\t\t\t<\/div>\n\t\t\t\t<\/div>\n\t\t\t\t<div class=\"elementor-element elementor-element-5cb5780 elementor-widget elementor-widget-heading\" data-id=\"5cb5780\" data-element_type=\"widget\" data-widget_type=\"heading.default\">\n\t\t\t\t<div class=\"elementor-widget-container\">\n\t\t\t<h2 class=\"elementor-heading-title elementor-size-default\">Urheberrecht<\/h2>\t\t<\/div>\n\t\t\t\t<\/div>\n\t\t\t\t<div class=\"elementor-element elementor-element-9eb27ca elementor-widget elementor-widget-text-editor\" data-id=\"9eb27ca\" data-element_type=\"widget\" data-widget_type=\"text-editor.default\">\n\t\t\t\t<div class=\"elementor-widget-container\">\n\t\t\t\t\t\t\t<p>Die durch die Seitenbetreiber erstellten Inhalte und Werke auf diesen Seiten unterliegen dem deutschen Urheberrecht. Die Vervielf\u00e4ltigung, Bearbeitung, Verbreitung und jede Art der Verwertung au\u00dferhalb der Grenzen des Urheberrechtes bed\u00fcrfen der schriftlichen Zustimmung des jeweiligen Autors bzw. Erstellers. Downloads und Kopien dieser Seite sind nur f\u00fcr den privaten, nicht kommerziellen Gebrauch gestattet.<\/p><p>Soweit die Inhalte auf dieser Seite nicht vom Betreiber erstellt wurden, werden die Urheberrechte Dritter beachtet. Insbesondere werden Inhalte Dritter als solche gekennzeichnet. Sollten Sie trotzdem auf eine Urheberrechtsverletzung aufmerksam werden, bitten wir um einen entsprechenden Hinweis. Bei Bekanntwerden von Rechtsverletzungen werden wir derartige Inhalte umgehend entfernen.<\/p>\t\t\t\t\t\t<\/div>\n\t\t\t\t<\/div>\n\t\t\t\t<div class=\"elementor-element elementor-element-d493de3 elementor-widget elementor-widget-heading\" data-id=\"d493de3\" data-element_type=\"widget\" data-widget_type=\"heading.default\">\n\t\t\t\t<div class=\"elementor-widget-container\">\n\t\t\t<h2 class=\"elementor-heading-title elementor-size-default\">Konzept, Design & technische Umsetzung<\/h2>\t\t<\/div>\n\t\t\t\t<\/div>\n\t\t\t\t<div class=\"elementor-element elementor-element-6f3873d elementor-widget elementor-widget-text-editor\" data-id=\"6f3873d\" data-element_type=\"widget\" data-widget_type=\"text-editor.default\">\n\t\t\t\t<div class=\"elementor-widget-container\">\n\t\t\t\t\t\t\t<p><strong>HARTMANN AGENCY<\/strong><br \/>D\u00fcsseldorf \u2022 Dortmund<br \/><a href=\"https:\/\/hartmann-agency.com\" target=\"_blank\" rel=\"noopener\">www.hartmann-agency.com<\/a><\/p>\t\t\t\t\t\t<\/div>\n\t\t\t\t<\/div>\n\t\t\t\t\t<\/div>\n\t\t<\/div>\n\t\t\t\t\t\t\t<\/div>\n\t\t<\/section>\n\t\t\t\t\t\t\t<\/div>","protected":false},"excerpt":{"rendered":"<p>Impressum Dirk KlingenbergHenriettenstra\u00dfe 620259 HamburgDeutschland Telefon: +49 171 5 61 59 44 info@dirkklingenberg.comwww.dirkklingenberg.com Haftung f\u00fcr Inhalte Als Diensteanbieter sind wir gem\u00e4\u00df \u00a7 7 Abs.1 TMG f\u00fcr eigene Inhalte auf diesen Seiten nach den allgemeinen Gesetzen verantwortlich. Nach \u00a7\u00a7 8 bis 10 TMG sind wir als Diensteanbieter jedoch nicht verpflichtet, \u00fcbermittelte oder gespeicherte fremde Informationen zu [&hellip;]<\/p>","protected":false},"author":1,"featured_media":0,"parent":0,"menu_order":0,"comment_status":"closed","ping_status":"closed","template":"","meta":{"footnotes":""},"class_list":["post-368","page","type-page","status-publish","hentry"],"yoast_head":"<!-- This site is optimized with the Yoast SEO plugin v27.4 - https:\/\/yoast.com\/product\/yoast-seo-wordpress\/ -->\n<title>Impressum - Dirk Klingenberg<\/title>\n<meta name=\"robots\" content=\"index, follow, max-snippet:-1, max-image-preview:large, max-video-preview:-1\" \/>\n<link rel=\"canonical\" href=\"https:\/\/dirkklingenberg.com\/en\/impressum\/\" \/>\n<meta property=\"og:locale\" content=\"en_GB\" \/>\n<meta property=\"og:type\" content=\"article\" \/>\n<meta property=\"og:title\" content=\"Impressum - Dirk Klingenberg\" \/>\n<meta property=\"og:description\" content=\"Impressum Dirk KlingenbergHenriettenstra\u00dfe 620259 HamburgDeutschland Telefon: +49 171 5 61 59 44 info@dirkklingenberg.comwww.dirkklingenberg.com Haftung f\u00fcr Inhalte Als Diensteanbieter sind wir gem\u00e4\u00df \u00a7 7 Abs.1 TMG f\u00fcr eigene Inhalte auf diesen Seiten nach den allgemeinen Gesetzen verantwortlich. Nach \u00a7\u00a7 8 bis 10 TMG sind wir als Diensteanbieter jedoch nicht verpflichtet, \u00fcbermittelte oder gespeicherte fremde Informationen zu [&hellip;]\" \/>\n<meta property=\"og:url\" content=\"https:\/\/dirkklingenberg.com\/en\/impressum\/\" \/>\n<meta property=\"og:site_name\" content=\"Dirk Klingenberg\" \/>\n<meta property=\"article:modified_time\" content=\"2024-01-13T13:11:54+00:00\" \/>\n<meta name=\"twitter:card\" content=\"summary_large_image\" \/>\n<meta name=\"twitter:label1\" content=\"Estimated reading time\" \/>\n\t<meta name=\"twitter:data1\" content=\"2 minutes\" \/>\n<script type=\"application\/ld+json\" class=\"yoast-schema-graph\">{\"@context\":\"https:\\\/\\\/schema.org\",\"@graph\":[{\"@type\":\"WebPage\",\"@id\":\"https:\\\/\\\/dirkklingenberg.com\\\/impressum\\\/\",\"url\":\"https:\\\/\\\/dirkklingenberg.com\\\/impressum\\\/\",\"name\":\"Impressum - Dirk Klingenberg\",\"isPartOf\":{\"@id\":\"https:\\\/\\\/dirkklingenberg.com\\\/#website\"},\"datePublished\":\"2022-04-14T11:07:51+00:00\",\"dateModified\":\"2024-01-13T13:11:54+00:00\",\"breadcrumb\":{\"@id\":\"https:\\\/\\\/dirkklingenberg.com\\\/impressum\\\/#breadcrumb\"},\"inLanguage\":\"en-GB\",\"potentialAction\":[{\"@type\":\"ReadAction\",\"target\":[\"https:\\\/\\\/dirkklingenberg.com\\\/impressum\\\/\"]}]},{\"@type\":\"BreadcrumbList\",\"@id\":\"https:\\\/\\\/dirkklingenberg.com\\\/impressum\\\/#breadcrumb\",\"itemListElement\":[{\"@type\":\"ListItem\",\"position\":1,\"name\":\"Startseite\",\"item\":\"https:\\\/\\\/dirkklingenberg.com\\\/\"},{\"@type\":\"ListItem\",\"position\":2,\"name\":\"Impressum\"}]},{\"@type\":\"WebSite\",\"@id\":\"https:\\\/\\\/dirkklingenberg.com\\\/#website\",\"url\":\"https:\\\/\\\/dirkklingenberg.com\\\/\",\"name\":\"Dirk Klingenberg\",\"description\":\"Leadership, Network, Sports &amp; Sustainability\",\"publisher\":{\"@id\":\"https:\\\/\\\/dirkklingenberg.com\\\/#\\\/schema\\\/person\\\/5ddd6a24e2452a2b942d400ec12f18f0\"},\"potentialAction\":[{\"@type\":\"SearchAction\",\"target\":{\"@type\":\"EntryPoint\",\"urlTemplate\":\"https:\\\/\\\/dirkklingenberg.com\\\/?s={search_term_string}\"},\"query-input\":{\"@type\":\"PropertyValueSpecification\",\"valueRequired\":true,\"valueName\":\"search_term_string\"}}],\"inLanguage\":\"en-GB\"},{\"@type\":[\"Person\",\"Organization\"],\"@id\":\"https:\\\/\\\/dirkklingenberg.com\\\/#\\\/schema\\\/person\\\/5ddd6a24e2452a2b942d400ec12f18f0\",\"name\":\"dk_adm\",\"image\":{\"@type\":\"ImageObject\",\"inLanguage\":\"en-GB\",\"@id\":\"https:\\\/\\\/dirkklingenberg.com\\\/wp-content\\\/uploads\\\/2022\\\/05\\\/img_dk_portrait_03-02.png\",\"url\":\"https:\\\/\\\/dirkklingenberg.com\\\/wp-content\\\/uploads\\\/2022\\\/05\\\/img_dk_portrait_03-02.png\",\"contentUrl\":\"https:\\\/\\\/dirkklingenberg.com\\\/wp-content\\\/uploads\\\/2022\\\/05\\\/img_dk_portrait_03-02.png\",\"width\":1354,\"height\":2000,\"caption\":\"dk_adm\"},\"logo\":{\"@id\":\"https:\\\/\\\/dirkklingenberg.com\\\/wp-content\\\/uploads\\\/2022\\\/05\\\/img_dk_portrait_03-02.png\"},\"sameAs\":[\"https:\\\/\\\/dirkklingenberg.com\",\"https:\\\/\\\/de.linkedin.com\\\/in\\\/dirk-klingenberg-29440015\",\"https:\\\/\\\/de.wikipedia.org\\\/wiki\\\/Dirk_Klingenberg\"]}]}<\/script>\n<!-- \/ Yoast SEO plugin. -->","yoast_head_json":{"title":"Impressum - Dirk Klingenberg","robots":{"index":"index","follow":"follow","max-snippet":"max-snippet:-1","max-image-preview":"max-image-preview:large","max-video-preview":"max-video-preview:-1"},"canonical":"https:\/\/dirkklingenberg.com\/en\/impressum\/","og_locale":"en_GB","og_type":"article","og_title":"Impressum - Dirk Klingenberg","og_description":"Impressum Dirk KlingenbergHenriettenstra\u00dfe 620259 HamburgDeutschland Telefon: +49 171 5 61 59 44 info@dirkklingenberg.comwww.dirkklingenberg.com Haftung f\u00fcr Inhalte Als Diensteanbieter sind wir gem\u00e4\u00df \u00a7 7 Abs.1 TMG f\u00fcr eigene Inhalte auf diesen Seiten nach den allgemeinen Gesetzen verantwortlich. Nach \u00a7\u00a7 8 bis 10 TMG sind wir als Diensteanbieter jedoch nicht verpflichtet, \u00fcbermittelte oder gespeicherte fremde Informationen zu [&hellip;]","og_url":"https:\/\/dirkklingenberg.com\/en\/impressum\/","og_site_name":"Dirk Klingenberg","article_modified_time":"2024-01-13T13:11:54+00:00","twitter_card":"summary_large_image","twitter_misc":{"Estimated reading time":"2 minutes"},"schema":{"@context":"https:\/\/schema.org","@graph":[{"@type":"WebPage","@id":"https:\/\/dirkklingenberg.com\/impressum\/","url":"https:\/\/dirkklingenberg.com\/impressum\/","name":"Impressum - Dirk Klingenberg","isPartOf":{"@id":"https:\/\/dirkklingenberg.com\/#website"},"datePublished":"2022-04-14T11:07:51+00:00","dateModified":"2024-01-13T13:11:54+00:00","breadcrumb":{"@id":"https:\/\/dirkklingenberg.com\/impressum\/#breadcrumb"},"inLanguage":"en-GB","potentialAction":[{"@type":"ReadAction","target":["https:\/\/dirkklingenberg.com\/impressum\/"]}]},{"@type":"BreadcrumbList","@id":"https:\/\/dirkklingenberg.com\/impressum\/#breadcrumb","itemListElement":[{"@type":"ListItem","position":1,"name":"Startseite","item":"https:\/\/dirkklingenberg.com\/"},{"@type":"ListItem","position":2,"name":"Impressum"}]},{"@type":"WebSite","@id":"https:\/\/dirkklingenberg.com\/#website","url":"https:\/\/dirkklingenberg.com\/","name":"Dirk Klingenberg","description":"Leadership, Network, Sports &amp; Sustainability","publisher":{"@id":"https:\/\/dirkklingenberg.com\/#\/schema\/person\/5ddd6a24e2452a2b942d400ec12f18f0"},"potentialAction":[{"@type":"SearchAction","target":{"@type":"EntryPoint","urlTemplate":"https:\/\/dirkklingenberg.com\/?s={search_term_string}"},"query-input":{"@type":"PropertyValueSpecification","valueRequired":true,"valueName":"search_term_string"}}],"inLanguage":"en-GB"},{"@type":["Person","Organization"],"@id":"https:\/\/dirkklingenberg.com\/#\/schema\/person\/5ddd6a24e2452a2b942d400ec12f18f0","name":"dk_adm","image":{"@type":"ImageObject","inLanguage":"en-GB","@id":"https:\/\/dirkklingenberg.com\/wp-content\/uploads\/2022\/05\/img_dk_portrait_03-02.png","url":"https:\/\/dirkklingenberg.com\/wp-content\/uploads\/2022\/05\/img_dk_portrait_03-02.png","contentUrl":"https:\/\/dirkklingenberg.com\/wp-content\/uploads\/2022\/05\/img_dk_portrait_03-02.png","width":1354,"height":2000,"caption":"dk_adm"},"logo":{"@id":"https:\/\/dirkklingenberg.com\/wp-content\/uploads\/2022\/05\/img_dk_portrait_03-02.png"},"sameAs":["https:\/\/dirkklingenberg.com","https:\/\/de.linkedin.com\/in\/dirk-klingenberg-29440015","https:\/\/de.wikipedia.org\/wiki\/Dirk_Klingenberg"]}]}},"_links":{"self":[{"href":"https:\/\/dirkklingenberg.com\/en\/wp-json\/wp\/v2\/pages\/368","targetHints":{"allow":["GET"]}}],"collection":[{"href":"https:\/\/dirkklingenberg.com\/en\/wp-json\/wp\/v2\/pages"}],"about":[{"href":"https:\/\/dirkklingenberg.com\/en\/wp-json\/wp\/v2\/types\/page"}],"author":[{"embeddable":true,"href":"https:\/\/dirkklingenberg.com\/en\/wp-json\/wp\/v2\/users\/1"}],"replies":[{"embeddable":true,"href":"https:\/\/dirkklingenberg.com\/en\/wp-json\/wp\/v2\/comments?post=368"}],"version-history":[{"count":74,"href":"https:\/\/dirkklingenberg.com\/en\/wp-json\/wp\/v2\/pages\/368\/revisions"}],"predecessor-version":[{"id":2241,"href":"https:\/\/dirkklingenberg.com\/en\/wp-json\/wp\/v2\/pages\/368\/revisions\/2241"}],"wp:attachment":[{"href":"https:\/\/dirkklingenberg.com\/en\/wp-json\/wp\/v2\/media?parent=368"}],"curies":[{"name":"wp","href":"https:\/\/api.w.org\/{rel}","templated":true}]}}